{"id":2358,"date":"2022-08-05T11:18:34","date_gmt":"2022-08-05T11:18:34","guid":{"rendered":"https:\/\/www.naven.se\/?page_id=2358"},"modified":"2022-08-06T09:17:11","modified_gmt":"2022-08-06T09:17:11","slug":"11-gruende-fuer-kaallandsoe-als-paddelziel-in-schweden","status":"publish","type":"page","link":"https:\/\/naven.se\/de\/paddeln\/11-gruende-fuer-kaallandsoe-als-paddelziel-in-schweden\/","title":{"rendered":"11 Gr\u00fcnde f\u00fcr K\u00e5llands\u00f6 als Paddelziel in Schweden"},"content":{"rendered":"","protected":false},"excerpt":{"rendered":"","protected":false},"author":5,"featured_media":0,"parent":2135,"menu_order":0,"comment_status":"closed","ping_status":"closed","template":"templates\/template-posts.php","meta":{"_mi_skip_tracking":false},"acf":[],"_links":{"self":[{"href":"https:\/\/naven.se\/de\/wp-json\/wp\/v2\/pages\/2358"}],"collection":[{"href":"https:\/\/naven.se\/de\/wp-json\/wp\/v2\/pages"}],"about":[{"href":"https:\/\/naven.se\/de\/wp-json\/wp\/v2\/types\/page"}],"author":[{"embeddable":true,"href":"https:\/\/naven.se\/de\/wp-json\/wp\/v2\/users\/5"}],"replies":[{"embeddable":true,"href":"https:\/\/naven.se\/de\/wp-json\/wp\/v2\/comments?post=2358"}],"version-history":[{"count":1,"href":"https:\/\/naven.se\/de\/wp-json\/wp\/v2\/pages\/2358\/revisions"}],"predecessor-version":[{"id":2382,"href":"https:\/\/naven.se\/de\/wp-json\/wp\/v2\/pages\/2358\/revisions\/2382"}],"up":[{"embeddable":true,"href":"https:\/\/naven.se\/de\/wp-json\/wp\/v2\/pages\/2135"}],"wp:attachment":[{"href":"https:\/\/naven.se\/de\/wp-json\/wp\/v2\/media?parent=2358"}],"curies":[{"name":"wp","href":"https:\/\/api.w.org\/{rel}","templated":true}]}}